{"id":16248,"date":"2024-07-17T02:14:08","date_gmt":"2024-07-17T00:14:08","guid":{"rendered":"https:\/\/vawanda.com\/i-nostri-viaggi-last-minute\/"},"modified":"2024-07-29T17:20:15","modified_gmt":"2024-07-29T15:20:15","slug":"i-nostri-viaggi-last-minute","status":"publish","type":"page","link":"https:\/\/vawanda.com\/it\/i-nostri-viaggi-last-minute\/","title":{"rendered":"I nostri viaggi LAST MINUTE"},"content":{"rendered":"\t\t<div data-elementor-type=\"wp-page\" data-elementor-id=\"16248\" class=\"elementor elementor-16248 elementor-16097\" data-elementor-post-type=\"page\">\n\t\t\t\t<div data-particle_enable=\"false\" data-particle-mobile-disabled=\"false\" class=\"elementor-element elementor-element-04a5804 e-flex e-con-boxed e-con e-parent\" data-id=\"04a5804\" data-element_type=\"container\" data-e-type=\"container\">\n\t\t\t\t\t<div class=\"e-con-inner\">\n\t\t\t\t<div class=\"elementor-element elementor-element-3ff4344 elementor-widget elementor-widget-heading\" data-id=\"3ff4344\" data-element_type=\"widget\" data-e-type=\"widget\" data-widget_type=\"heading.default\">\n\t\t\t\t<div class=\"elementor-widget-container\">\n\t\t\t\t\t<h1 class=\"elementor-heading-title elementor-size-default\">I nostri viaggi LAST MINUTE<\/h1>\t\t\t\t<\/div>\n\t\t\t\t<\/div>\n\t\t\t\t<div class=\"elementor-element elementor-element-1bba40d elementor-widget elementor-widget-jet-listing-grid\" data-id=\"1bba40d\" data-element_type=\"widget\" data-e-type=\"widget\" data-settings=\"{&quot;columns&quot;:&quot;1&quot;}\" data-widget_type=\"jet-listing-grid.default\">\n\t\t\t\t<div class=\"elementor-widget-container\">\n\t\t\t\t\t<div class=\"jet-listing-grid jet-listing\"><div class=\"jet-listing-not-found jet-listing-grid__items\" data-nav=\"{&quot;enabled&quot;:false,&quot;type&quot;:null,&quot;more_el&quot;:null,&quot;query&quot;:[],&quot;widget_settings&quot;:{&quot;lisitng_id&quot;:16086,&quot;posts_num&quot;:6,&quot;columns&quot;:1,&quot;columns_tablet&quot;:1,&quot;columns_mobile&quot;:1,&quot;column_min_width&quot;:240,&quot;column_min_width_tablet&quot;:240,&quot;column_min_width_mobile&quot;:240,&quot;inline_columns_css&quot;:false,&quot;is_archive_template&quot;:&quot;&quot;,&quot;post_status&quot;:[&quot;publish&quot;],&quot;use_random_posts_num&quot;:&quot;&quot;,&quot;max_posts_num&quot;:9,&quot;not_found_message&quot;:&quot;Non sono stati trovati dati&quot;,&quot;is_masonry&quot;:false,&quot;equal_columns_height&quot;:&quot;&quot;,&quot;use_load_more&quot;:&quot;&quot;,&quot;load_more_id&quot;:&quot;&quot;,&quot;load_more_type&quot;:&quot;click&quot;,&quot;load_more_offset&quot;:null,&quot;use_custom_post_types&quot;:&quot;&quot;,&quot;custom_post_types&quot;:[],&quot;hide_widget_if&quot;:&quot;&quot;,&quot;carousel_enabled&quot;:&quot;&quot;,&quot;slides_to_scroll&quot;:&quot;1&quot;,&quot;arrows&quot;:&quot;true&quot;,&quot;arrow_icon&quot;:&quot;fa fa-angle-left&quot;,&quot;dots&quot;:&quot;&quot;,&quot;autoplay&quot;:&quot;true&quot;,&quot;pause_on_hover&quot;:&quot;true&quot;,&quot;autoplay_speed&quot;:5000,&quot;infinite&quot;:&quot;true&quot;,&quot;center_mode&quot;:&quot;&quot;,&quot;effect&quot;:&quot;slide&quot;,&quot;speed&quot;:500,&quot;inject_alternative_items&quot;:&quot;&quot;,&quot;injection_items&quot;:[],&quot;scroll_slider_enabled&quot;:&quot;&quot;,&quot;scroll_slider_on&quot;:[&quot;desktop&quot;,&quot;tablet&quot;,&quot;mobile&quot;],&quot;custom_query&quot;:&quot;yes&quot;,&quot;custom_query_id&quot;:&quot;33&quot;,&quot;_element_id&quot;:&quot;&quot;,&quot;collapse_first_last_gap&quot;:false,&quot;list_tag_selection&quot;:&quot;&quot;,&quot;list_items_wrapper_tag&quot;:&quot;div&quot;,&quot;list_item_tag&quot;:&quot;div&quot;,&quot;empty_items_wrapper_tag&quot;:&quot;div&quot;}}\" data-listing-source=\"query\" data-listing-id=\"16086\" data-query-id=\"33\" data-queried-id=\"16248|WP_Post\">Non sono stati trovati dati<\/div><\/div>\t\t\t\t<\/div>\n\t\t\t\t<\/div>\n\t\t\t\t\t<\/div>\n\t\t\t\t<\/div>\n\t\t\t\t<\/div>\n\t\t","protected":false},"excerpt":{"rendered":"<p>No data was found Nos retraites Yoga Best sellerEn promoLast minute 28\/07\/202404\/08\/2024 Retraites Yin Yang Yoga et M\u00e9ditation \/ Retraite Kundalini et Yin Yoga en Ard\u00e8che Le lieu : Vous passerez la retraite dans une tr\u00e8s belle villa\u00a0ard\u00e9choise en pierres dans un parc priv\u00e9 de 100 hectares. Ce lieu pr\u00e9serv\u00e9, propice au repos et au [&hellip;]<\/p>\n","protected":false},"author":4,"featured_media":0,"parent":0,"menu_order":0,"comment_status":"closed","ping_status":"closed","template":"","meta":{"footnotes":""},"class_list":["post-16248","page","type-page","status-publish","hentry"],"_links":{"self":[{"href":"https:\/\/vawanda.com\/it\/wp-json\/wp\/v2\/pages\/16248","targetHints":{"allow":["GET"]}}],"collection":[{"href":"https:\/\/vawanda.com\/it\/wp-json\/wp\/v2\/pages"}],"about":[{"href":"https:\/\/vawanda.com\/it\/wp-json\/wp\/v2\/types\/page"}],"author":[{"embeddable":true,"href":"https:\/\/vawanda.com\/it\/wp-json\/wp\/v2\/users\/4"}],"replies":[{"embeddable":true,"href":"https:\/\/vawanda.com\/it\/wp-json\/wp\/v2\/comments?post=16248"}],"version-history":[{"count":0,"href":"https:\/\/vawanda.com\/it\/wp-json\/wp\/v2\/pages\/16248\/revisions"}],"wp:attachment":[{"href":"https:\/\/vawanda.com\/it\/wp-json\/wp\/v2\/media?parent=16248"}],"curies":[{"name":"wp","href":"https:\/\/api.w.org\/{rel}","templated":true}]}}